{"id":7067,"date":"2022-11-18T19:08:46","date_gmt":"2022-11-18T19:08:46","guid":{"rendered":"http:\/\/www.colonelgroup.com.tr\/?page_id=7067"},"modified":"2022-11-22T11:07:30","modified_gmt":"2022-11-22T11:07:30","slug":"bize-ulasin","status":"publish","type":"page","link":"https:\/\/www.colonelgroup.com.tr\/en\/bize-ulasin\/","title":{"rendered":"Contact us"},"content":{"rendered":"<section class=\"wpb-content-wrapper\"><p>[vc_row content_placement=&#8221;middle&#8221; css=&#8221;.vc_custom_1496758641992{margin-bottom: 4vh !important;}&#8221;][vc_column css=&#8221;.vc_custom_1496758664829{padding-top: 5vh !important;padding-bottom: 5vh !important;}&#8221; offset=&#8221;vc_col-md-6 vc_col-xs-12&#8243;]\n\t\t<div id=\"wd-637b6071ef2e3\" class=\"wd-tabs wd-wpb wd-rs-637b6071ef2e3 tabs-design-default \">\n\t\t\t<div class=\"wd-tabs-header text-center\">\n\t\t\t\t\n\t\t\t\t\n\t\t\t\t<div class=\"wd-nav-wrapper wd-nav-tabs-wrapper\">\n\t\t\t\t\t<ul class=\"wd-nav wd-nav-tabs wd-icon-pos-left wd-style-default font-primary wd-fontsize-s wd-font-weight-600\">\n\t\t\t\t\t\t\t\t\t\t\t\t\t\n\t\t\t\t\t\t\t<li>\n\t\t\t\t\t\t\t\t<a href=\"#\" class=\"wd-nav-link\">\n\t\t\t\t\t\t\t\t\t\t\t\t\t\t\t\t\t\t<span class=\"nav-link-text wd-tabs-title\">\n\t\t\t\t\t\t\t\t\t\tIstanbul Office\t\t\t\t\t\t\t\t\t<\/span>\n\t\t\t\t\t\t\t\t<\/a>\n\t\t\t\t\t\t\t<\/li>\n\n\t\t\t\t\t\t\t\t\t\t\t\t\t\n\t\t\t\t\t\t\t<li>\n\t\t\t\t\t\t\t\t<a href=\"#\" class=\"wd-nav-link\">\n\t\t\t\t\t\t\t\t\t\t\t\t\t\t\t\t\t\t<span class=\"nav-link-text wd-tabs-title\">\n\t\t\t\t\t\t\t\t\t\tMoskova Office\t\t\t\t\t\t\t\t\t<\/span>\n\t\t\t\t\t\t\t\t<\/a>\n\t\t\t\t\t\t\t<\/li>\n\n\t\t\t\t\t\t\n\t\t\t\t\t<\/ul>\n\t\t\t\t<\/div>\n\t\t\t<\/div>\n\n\t\t\t<div class=\"wd-tab-content-wrapper\">\n\t\t\t\t\n\t\t<div class=\"wd-tab-content\">\n\t\t\t\t\t\t\t<iframe loading=\"lazy\" style=\"border: 0;\" src=\"https:\/\/www.google.com\/maps\/embed?pb=!1m14!1m8!1m3!1d24118.059521782052!2d29.156963!3d40.921064!3m2!1i1024!2i768!4f13.1!3m3!1m2!1s0x0%3A0xe2682701a74b66d7!2sDumankaya%20Ritim%20%C4%B0stanbul%20Showroom%20Proje%20Deneyim%20Merkezi!5e0!3m2!1str!2str!4v1669030042980!5m2!1str!2str\" width=\"600\" height=\"450\" allowfullscreen=\"allowfullscreen\"><\/iframe>\t\t\t\t\t<\/div>\n\n\t\t\n\t\t<div class=\"wd-tab-content\">\n\t\t\t\t\t\t\t<iframe loading=\"lazy\" style=\"border: 0;\" src=\"https:\/\/www.google.com\/maps\/embed?pb=!1m14!1m8!1m3!1d71945.58883657692!2d37.425178!3d55.701163!3m2!1i1024!2i768!4f13.1!3m3!1m2!1s0x46b54dd8d03d4f03%3A0xb376e49520e9ad4a!2sMoskova%2C%20Rusya%2C%20121471!5e0!3m2!1str!2str!4v1669030121866!5m2!1str!2str\" width=\"600\" height=\"450\" allowfullscreen=\"allowfullscreen\"><\/iframe>\t\t\t\t\t<\/div>\n\n\t\t\t\t\t<\/div>\n\t\t<\/div>\n\n\t\t[\/vc_column][vc_column css=&#8221;.vc_custom_1496758683132{padding-top: 0px !important;}&#8221; offset=&#8221;vc_col-md-6 vc_col-xs-12&#8243;]\n\t\t<div id=\"wd-6379dc15337fb\" class=\"title-wrapper wd-wpb set-mb-s reset-last-child  wd-rs-6379dc15337fb wd-title-color-primary wd-title-style-default text-left vc_custom_1668930582855 wd-underline-colored\">\n\t\t\t\t\t\t\t<div class=\"title-subtitle  subtitle-color-primary font-default subtitle-style-background wd-font-weight- wd-fontsize-xs\">Quality Service<\/div>\n\t\t\t\n\t\t\t<div class=\"liner-continer\">\n\t\t\t\t<h4 class=\"woodmart-title-container title  wd-font-weight- wd-fontsize-m\" >COLONEL GROUP LOGISTICS FOREIGN TRADE LIMITED COMPANY<\/h4>\n\t\t\t\t\t\t\t<\/div>\n\t\t\t\n\t\t\t\t\t\t\t<div class=\"title-after_title  set-cont-mb-s reset-last-child  wd-fontsize-xs\">To respect the time and rights of our customers, to increase the satisfaction and moral values of our employees, to fulfill our responsibilities to humanity, the environment and universal values, in line with the new and inevitable realities brought by the information age, with the identity of a solution partner, we are always working to look at the needs of our customers by seeing and understanding them.<\/div>\n\t\t\t\n\t\t\t\n\t\t<\/div>\n\t\t\n\t\t[vc_row_inner content_placement=&#8221;top&#8221;][vc_column_inner width=&#8221;1\/2&#8243; css=&#8221;.vc_custom_1499866924913{margin-bottom: 25px !important;padding-top: 0px !important;}&#8221;]\n\t\t<div id=\"wd-6379dc4d75a80\" class=\"title-wrapper wd-wpb set-mb-s reset-last-child  wd-rs-6379dc4d75a80 wd-title-color-default wd-title-style-default text-left vc_custom_1668930635486 wd-underline-colored\">\n\t\t\t\n\t\t\t<div class=\"liner-continer\">\n\t\t\t\t<h4 class=\"woodmart-title-container title  wd-font-weight- wd-fontsize-l\" >Istanbul Office<\/h4>\n\t\t\t\t\t\t\t<\/div>\n\t\t\t\n\t\t\t\t\t\t\t<div class=\"title-after_title  set-cont-mb-s reset-last-child  wd-fontsize-xs\">Cevizli Mah. Zuhal Cad Ritim \u0130stanbul Sitesi A5 Blok No 46E \u0130\u00e7 Kap\u0131 No : 180<\/div>\n\t\t\t\n\t\t\t\n\t\t<\/div>\n\t\t\n\t\t\n\t\t<div id=\"wd-637b5fbaa1976\" class=\"title-wrapper wd-wpb set-mb-s reset-last-child  wd-rs-637b5fbaa1976 wd-title-color-default wd-title-style-default text-left vc_custom_1669029856429 wd-underline-colored\">\n\t\t\t\n\t\t\t<div class=\"liner-continer\">\n\t\t\t\t<h4 class=\"woodmart-title-container title  wd-font-weight- wd-fontsize-l\" >Moskova Office<\/h4>\n\t\t\t\t\t\t\t<\/div>\n\t\t\t\n\t\t\t\t\t\t\t<div class=\"title-after_title  set-cont-mb-s reset-last-child  wd-fontsize-xs\">121471, Moskova, Ryabinovaya cad, 61A blok 1, Office 13<\/div>\n\t\t\t\n\t\t\t\n\t\t<\/div>\n\t\t\n\t\t[\/vc_column_inner][vc_column_inner width=&#8221;1\/2&#8243;]\n\t\t<div id=\"wd-6379dbc7d0ad0\" class=\"title-wrapper wd-wpb set-mb-s reset-last-child  wd-rs-6379dbc7d0ad0 wd-title-color-default wd-title-style-default text-left vc_custom_1668930505301 wd-underline-colored\">\n\t\t\t\n\t\t\t<div class=\"liner-continer\">\n\t\t\t\t<h4 class=\"woodmart-title-container title  wd-font-weight- wd-fontsize-l\" >Contact Number<\/h4>\n\t\t\t\t\t\t\t<\/div>\n\t\t\t\n\t\t\t\t\t\t\t<div class=\"title-after_title  set-cont-mb-s reset-last-child  wd-fontsize-xs\">+90 (216) 759 97 57<br \/>\n+90 (532) 548 61 63<\/div>\n\t\t\t\n\t\t\t\n\t\t<\/div>\n\t\t\n\t\t\n\t\t<div id=\"wd-637b5ff7d7ba4\" class=\"title-wrapper wd-wpb set-mb-s reset-last-child  wd-rs-637b5ff7d7ba4 wd-title-color-default wd-title-style-default text-left vc_custom_1669029881801 wd-underline-colored\">\n\t\t\t\n\t\t\t<div class=\"liner-continer\">\n\t\t\t\t<h4 class=\"woodmart-title-container title  wd-font-weight- wd-fontsize-l\" >Contact Number<\/h4>\n\t\t\t\t\t\t\t<\/div>\n\t\t\t\n\t\t\t\t\t\t\t<div class=\"title-after_title  set-cont-mb-s reset-last-child  wd-fontsize-xs\">+7(495) 789 1453<\/div>\n\t\t\t\n\t\t\t\n\t\t<\/div>\n\t\t\n\t\t[\/vc_column_inner][\/vc_row_inner][\/vc_column][\/vc_row][vc_row][vc_column width=&#8221;1\/6&#8243;][\/vc_column][vc_column width=&#8221;2\/3&#8243;]\n\t\t<div id=\"wd-637af173dec49\" class=\"title-wrapper wd-wpb set-mb-s reset-last-child  wd-rs-637af173dec49 wd-title-color-default wd-title-style-bordered text-left vc_custom_1669001551190 wd-underline-colored\">\n\t\t\t\n\t\t\t<div class=\"liner-continer\">\n\t\t\t\t<h4 class=\"woodmart-title-container title  wd-font-weight- wd-fontsize-l\" >Write Us For Quick Support<\/h4>\n\t\t\t\t\t\t\t<\/div>\n\t\t\t\n\t\t\t\n\t\t\t\n\t\t<\/div>\n\t\t\n\t\t<div role=\"form\" class=\"wpcf7\" id=\"wpcf7-f7258-o3\" lang=\"tr-TR\" dir=\"ltr\">\n<div class=\"screen-reader-response\"><p role=\"status\" aria-live=\"polite\" aria-atomic=\"true\"><\/p> <ul><\/ul><\/div>\n<form action=\"\/en\/wp-json\/wp\/v2\/pages\/7067#wpcf7-f7258-o3\" method=\"post\" class=\"wpcf7-form init\" novalidate=\"novalidate\" data-status=\"init\">\n<div style=\"display: none;\">\n<input type=\"hidden\" name=\"_wpcf7\" value=\"7258\" \/>\n<input type=\"hidden\" name=\"_wpcf7_version\" value=\"5.6.4\" \/>\n<input type=\"hidden\" name=\"_wpcf7_locale\" value=\"tr_TR\" \/>\n<input type=\"hidden\" name=\"_wpcf7_unit_tag\" value=\"wpcf7-f7258-o3\" \/>\n<input type=\"hidden\" name=\"_wpcf7_container_post\" value=\"0\" \/>\n<input type=\"hidden\" name=\"_wpcf7_posted_data_hash\" value=\"\" \/>\n<\/div>\n<p><label> Name surname<br \/>\n    <span class=\"wpcf7-form-control-wrap\" data-name=\"your-name\"><input type=\"text\" name=\"your-name\" value=\"\" size=\"40\" class=\"wpcf7-form-control wpcf7-text wpcf7-validates-as-required\" aria-required=\"true\" aria-invalid=\"false\" \/><\/span> <\/label><\/p>\n<p><label> E-Mail Address<br \/>\n    <span class=\"wpcf7-form-control-wrap\" data-name=\"your-email\"><input type=\"email\" name=\"your-email\" value=\"\" size=\"40\" class=\"wpcf7-form-control wpcf7-text wpcf7-email wpcf7-validates-as-required wpcf7-validates-as-email\" aria-required=\"true\" aria-invalid=\"false\" \/><\/span> <\/label><\/p>\n<p><label> Subject<br \/>\n    <span class=\"wpcf7-form-control-wrap\" data-name=\"your-subject\"><input type=\"text\" name=\"your-subject\" value=\"\" size=\"40\" class=\"wpcf7-form-control wpcf7-text wpcf7-validates-as-required\" aria-required=\"true\" aria-invalid=\"false\" \/><\/span> <\/label><\/p>\n<p><label> Your Message (optional)<br \/>\n    <span class=\"wpcf7-form-control-wrap\" data-name=\"your-message\"><textarea name=\"your-message\" cols=\"40\" rows=\"10\" class=\"wpcf7-form-control wpcf7-textarea\" aria-invalid=\"false\"><\/textarea><\/span> <\/label><\/p>\n<p><input type=\"submit\" value=\"Send\" class=\"wpcf7-form-control has-spinner wpcf7-submit\" \/><\/p>\n<div class=\"wpcf7-response-output\" aria-hidden=\"true\"><\/div><\/form><\/div>[\/vc_column][vc_column width=&#8221;1\/6&#8243;][\/vc_column][\/vc_row]<\/p>\n<\/section>","protected":false},"excerpt":{"rendered":"<p>[vc_row content_placement=&#8221;middle&#8221; css=&#8221;.vc_custom_1496758641992{margin-bottom: 4vh !important;}&#8221;][vc_column css=&#8221;.vc_custom_1496758664829{padding-top: 5vh !important;padding-bottom: 5vh !important;}&#8221; offset=&#8221;vc_col-md-6 vc_col-xs-12&#8243;][\/vc_column][vc_column css=&#8221;.vc_custom_1496758683132{padding-top: 0px !important;}&#8221; offset=&#8221;vc_col-md-6 vc_col-xs-12&#8243;][vc_row_inner content_placement=&#8221;top&#8221;][vc_column_inner width=&#8221;1\/2&#8243; css=&#8221;.vc_custom_1499866924913{margin-bottom:<\/p>\n","protected":false},"author":1,"featured_media":0,"parent":0,"menu_order":0,"comment_status":"closed","ping_status":"closed","template":"","meta":{"footnotes":""},"class_list":["post-7067","page","type-page","status-publish","hentry"],"yoast_head":"<!-- This site is optimized with the Yoast SEO plugin v19.11 - https:\/\/yoast.com\/wordpress\/plugins\/seo\/ -->\n<title>Contact us - Colonel Group - International Logistics - International Freight Service<\/title>\n<meta name=\"robots\" content=\"index, follow, max-snippet:-1, max-image-preview:large, max-video-preview:-1\" \/>\n<link rel=\"canonical\" href=\"https:\/\/www.colonelgroup.com.tr\/bize-ulasin\/\" \/>\n<meta property=\"og:locale\" content=\"en_US\" \/>\n<meta property=\"og:type\" content=\"article\" \/>\n<meta property=\"og:title\" content=\"[:tr]Bize Ula\u015f\u0131n[:ru]\u0421\u0432\u044f\u0436\u0438\u0442\u0435\u0441\u044c \u0441 \u043d\u0430\u043c\u0438[:en]Contact us[:] - Colonel Group - International Logistics - International Freight Service\" \/>\n<meta property=\"og:description\" content=\"[vc_row content_placement=&#8221;middle&#8221; css=&#8221;.vc_custom_1496758641992{margin-bottom: 4vh !important;}&#8221;][vc_column css=&#8221;.vc_custom_1496758664829{padding-top: 5vh !important;padding-bottom: 5vh !important;}&#8221; offset=&#8221;vc_col-md-6 vc_col-xs-12&#8243;][\/vc_column][vc_column css=&#8221;.vc_custom_1496758683132{padding-top: 0px !important;}&#8221; offset=&#8221;vc_col-md-6 vc_col-xs-12&#8243;][vc_row_inner content_placement=&#8221;top&#8221;][vc_column_inner width=&#8221;1\/2&#8243; css=&#8221;.vc_custom_1499866924913{margin-bottom:\" \/>\n<meta property=\"og:url\" content=\"https:\/\/www.colonelgroup.com.tr\/bize-ulasin\/\" \/>\n<meta property=\"og:site_name\" content=\"Colonel Group - International Logistics - International Freight Service\" \/>\n<meta property=\"article:modified_time\" content=\"2022-11-22T11:07:30+00:00\" \/>\n<meta name=\"twitter:card\" content=\"summary_large_image\" \/>\n<meta name=\"twitter:label1\" content=\"Est. reading time\" \/>\n\t<meta name=\"twitter:data1\" content=\"1 minute\" \/>\n<script type=\"application\/ld+json\" class=\"yoast-schema-graph\">{\"@context\":\"https:\/\/schema.org\",\"@graph\":[{\"@type\":\"WebPage\",\"@id\":\"https:\/\/www.colonelgroup.com.tr\/bize-ulasin\/\",\"url\":\"https:\/\/www.colonelgroup.com.tr\/bize-ulasin\/\",\"name\":\"[:tr]Bize Ula\u015f\u0131n[:ru]\u0421\u0432\u044f\u0436\u0438\u0442\u0435\u0441\u044c \u0441 \u043d\u0430\u043c\u0438[:en]Contact us[:] - Colonel Group - International Logistics - International Freight Service\",\"isPartOf\":{\"@id\":\"https:\/\/www.colonelgroup.com.tr\/ru\/#website\"},\"datePublished\":\"2022-11-18T19:08:46+00:00\",\"dateModified\":\"2022-11-22T11:07:30+00:00\",\"breadcrumb\":{\"@id\":\"https:\/\/www.colonelgroup.com.tr\/bize-ulasin\/#breadcrumb\"},\"inLanguage\":\"en-US\",\"potentialAction\":[{\"@type\":\"ReadAction\",\"target\":[\"https:\/\/www.colonelgroup.com.tr\/bize-ulasin\/\"]}]},{\"@type\":\"BreadcrumbList\",\"@id\":\"https:\/\/www.colonelgroup.com.tr\/bize-ulasin\/#breadcrumb\",\"itemListElement\":[{\"@type\":\"ListItem\",\"position\":1,\"name\":\"Anasayfa\",\"item\":\"https:\/\/www.colonelgroup.com.tr\/\"},{\"@type\":\"ListItem\",\"position\":2,\"name\":\"Contact us\"}]},{\"@type\":\"WebSite\",\"@id\":\"https:\/\/www.colonelgroup.com.tr\/ru\/#website\",\"url\":\"https:\/\/www.colonelgroup.com.tr\/ru\/\",\"name\":\"Colonel Group - International Logistics - International Freight Service\",\"description\":\"Alternative Solutions to Your Logistics Needs. Domestic and international door-to-door land, air, sea, rail and project transportation\",\"potentialAction\":[{\"@type\":\"SearchAction\",\"target\":{\"@type\":\"EntryPoint\",\"urlTemplate\":\"https:\/\/www.colonelgroup.com.tr\/ru\/?s={search_term_string}\"},\"query-input\":\"required name=search_term_string\"}],\"inLanguage\":\"en-US\"}]}<\/script>\n<!-- \/ Yoast SEO plugin. -->","yoast_head_json":{"title":"[:tr]Bize Ula\u015f\u0131n[:ru]\u0421\u0432\u044f\u0436\u0438\u0442\u0435\u0441\u044c \u0441 \u043d\u0430\u043c\u0438[:en]Contact us[:] - Colonel Group - International Logistics - International Freight Service","robots":{"index":"index","follow":"follow","max-snippet":"max-snippet:-1","max-image-preview":"max-image-preview:large","max-video-preview":"max-video-preview:-1"},"canonical":"https:\/\/www.colonelgroup.com.tr\/bize-ulasin\/","og_locale":"en_US","og_type":"article","og_title":"[:tr]Bize Ula\u015f\u0131n[:ru]\u0421\u0432\u044f\u0436\u0438\u0442\u0435\u0441\u044c \u0441 \u043d\u0430\u043c\u0438[:en]Contact us[:] - Colonel Group - International Logistics - International Freight Service","og_description":"[vc_row content_placement=&#8221;middle&#8221; css=&#8221;.vc_custom_1496758641992{margin-bottom: 4vh !important;}&#8221;][vc_column css=&#8221;.vc_custom_1496758664829{padding-top: 5vh !important;padding-bottom: 5vh !important;}&#8221; offset=&#8221;vc_col-md-6 vc_col-xs-12&#8243;][\/vc_column][vc_column css=&#8221;.vc_custom_1496758683132{padding-top: 0px !important;}&#8221; offset=&#8221;vc_col-md-6 vc_col-xs-12&#8243;][vc_row_inner content_placement=&#8221;top&#8221;][vc_column_inner width=&#8221;1\/2&#8243; css=&#8221;.vc_custom_1499866924913{margin-bottom:","og_url":"https:\/\/www.colonelgroup.com.tr\/bize-ulasin\/","og_site_name":"Colonel Group - International Logistics - International Freight Service","article_modified_time":"2022-11-22T11:07:30+00:00","twitter_card":"summary_large_image","twitter_misc":{"Est. reading time":"1 minute"},"schema":{"@context":"https:\/\/schema.org","@graph":[{"@type":"WebPage","@id":"https:\/\/www.colonelgroup.com.tr\/bize-ulasin\/","url":"https:\/\/www.colonelgroup.com.tr\/bize-ulasin\/","name":"[:tr]Bize Ula\u015f\u0131n[:ru]\u0421\u0432\u044f\u0436\u0438\u0442\u0435\u0441\u044c \u0441 \u043d\u0430\u043c\u0438[:en]Contact us[:] - Colonel Group - International Logistics - International Freight Service","isPartOf":{"@id":"https:\/\/www.colonelgroup.com.tr\/ru\/#website"},"datePublished":"2022-11-18T19:08:46+00:00","dateModified":"2022-11-22T11:07:30+00:00","breadcrumb":{"@id":"https:\/\/www.colonelgroup.com.tr\/bize-ulasin\/#breadcrumb"},"inLanguage":"en-US","potentialAction":[{"@type":"ReadAction","target":["https:\/\/www.colonelgroup.com.tr\/bize-ulasin\/"]}]},{"@type":"BreadcrumbList","@id":"https:\/\/www.colonelgroup.com.tr\/bize-ulasin\/#breadcrumb","itemListElement":[{"@type":"ListItem","position":1,"name":"Anasayfa","item":"https:\/\/www.colonelgroup.com.tr\/"},{"@type":"ListItem","position":2,"name":"Contact us"}]},{"@type":"WebSite","@id":"https:\/\/www.colonelgroup.com.tr\/ru\/#website","url":"https:\/\/www.colonelgroup.com.tr\/ru\/","name":"Colonel Group - International Logistics - International Freight Service","description":"Alternative Solutions to Your Logistics Needs. Domestic and international door-to-door land, air, sea, rail and project transportation","potentialAction":[{"@type":"SearchAction","target":{"@type":"EntryPoint","urlTemplate":"https:\/\/www.colonelgroup.com.tr\/ru\/?s={search_term_string}"},"query-input":"required name=search_term_string"}],"inLanguage":"en-US"}]}},"_links":{"self":[{"href":"https:\/\/www.colonelgroup.com.tr\/en\/wp-json\/wp\/v2\/pages\/7067","targetHints":{"allow":["GET"]}}],"collection":[{"href":"https:\/\/www.colonelgroup.com.tr\/en\/wp-json\/wp\/v2\/pages"}],"about":[{"href":"https:\/\/www.colonelgroup.com.tr\/en\/wp-json\/wp\/v2\/types\/page"}],"author":[{"embeddable":true,"href":"https:\/\/www.colonelgroup.com.tr\/en\/wp-json\/wp\/v2\/users\/1"}],"replies":[{"embeddable":true,"href":"https:\/\/www.colonelgroup.com.tr\/en\/wp-json\/wp\/v2\/comments?post=7067"}],"version-history":[{"count":21,"href":"https:\/\/www.colonelgroup.com.tr\/en\/wp-json\/wp\/v2\/pages\/7067\/revisions"}],"predecessor-version":[{"id":7316,"href":"https:\/\/www.colonelgroup.com.tr\/en\/wp-json\/wp\/v2\/pages\/7067\/revisions\/7316"}],"wp:attachment":[{"href":"https:\/\/www.colonelgroup.com.tr\/en\/wp-json\/wp\/v2\/media?parent=7067"}],"curies":[{"name":"wp","href":"https:\/\/api.w.org\/{rel}","templated":true}]}}